{"id":589,"date":"2020-08-21T17:44:13","date_gmt":"2020-08-21T17:44:13","guid":{"rendered":"https:\/\/backinmotionplus.com\/fr\/?page_id=589"},"modified":"2025-04-16T16:57:29","modified_gmt":"2025-04-16T16:57:29","slug":"acuponcture","status":"publish","type":"page","link":"https:\/\/backinmotionplus.com\/fr\/acuponcture\/","title":{"rendered":"Acuponcture"},"content":{"rendered":"<div id=\"content\" class=\"site-content\">\n<section id=\"primary\" class=\"content-area inner-page\"><main id=\"main\" class=\"site-main\"><\/p>\n<div class=\"container\">\n<article id=\"post-15\" class=\"post-15 page type-page status-publish hentry entry\">\n<div class=\"entry-content\">\n<p><em>Une session d\u2019acuponcture consiste \u00e0 influencer et \u00e0 inciter le corps en ins\u00e9rant des aiguilles dans les points de pression assign\u00e9s, aussi appel\u00e9s, points d\u2019acuponcture. L\u2019acuponcture est un d\u00e9riv\u00e9 de la m\u00e9decine chinoise qui met l\u2019accent sur l\u2019\u00e9quilibre du flux d\u2019\u00e9nergie, connu sous qi (chee).<\/em><\/p>\n<p style=\"text-align: center;\"><strong>L\u2019acuponcture est efficace pour une vari\u00e9t\u00e9 de conditions tels que:<\/strong><\/p>\n<p style=\"text-align: center;\"><strong><span style=\"color: #ff0000;\">\u25ca <\/span><\/strong>Douleur chronique<\/p>\n<\/div>\n<p style=\"text-align: center;\"><strong><span style=\"color: #ff0000;\">\u25ca <\/span><\/strong>Maux de t\u00eate et migraines<\/p>\n<p style=\"text-align: center;\"><strong><span style=\"color: #ff0000;\">\u25ca <\/span><\/strong>Insomnie<\/p>\n<p style=\"text-align: center;\"><strong><span style=\"color: #ff0000;\">\u25ca\u00a0<\/span><\/strong>Naus\u00e9e<\/p>\n<p style=\"text-align: center;\"><strong><span style=\"color: #ff0000;\">\u25ca <\/span><\/strong>Sciatique<\/p>\n<p style=\"text-align: center;\"><strong><span style=\"color: #ff0000;\">\u25ca\u00a0<\/span><\/strong>Douleur arthritique<\/p>\n<p style=\"text-align: center;\"><strong><span style=\"color: #ff0000;\">\u00a0 \u00a0 \u00a0 \u00a0 \u00a0 \u00a0 \u00a0 \u00a0 \u25ca <\/span><\/strong>Tendinite et bursite<\/p>\n<p style=\"text-align: center;\"><strong><span style=\"color: #ff0000;\">\u25ca\u00a0<\/span><\/strong>Probl\u00e8mes de posture<\/p>\n<p style=\"text-align: center;\"><strong><span style=\"color: #ff0000;\">\u25ca <\/span><\/strong>\u00c9tirements musculaires et entorses<\/p>\n<p style=\"text-align: center;\"><strong><span style=\"color: #ff0000;\">\u25ca <\/span><\/strong>Syndrome pr\u00e9menstruel<\/p>\n<p><em><img loading=\"lazy\" decoding=\"async\" class=\"size-medium wp-image-795 alignright\" src=\"https:\/\/backinmotionplus.com\/fr\/wp-content\/uploads\/2024\/01\/Acupuncture-1-200x300.jpg\" alt=\"\" width=\"200\" height=\"300\" srcset=\"https:\/\/backinmotionplus.com\/fr\/wp-content\/uploads\/2024\/01\/Acupuncture-1-200x300.jpg 200w, https:\/\/backinmotionplus.com\/fr\/wp-content\/uploads\/2024\/01\/Acupuncture-1-683x1024.jpg 683w, https:\/\/backinmotionplus.com\/fr\/wp-content\/uploads\/2024\/01\/Acupuncture-1-768x1152.jpg 768w, https:\/\/backinmotionplus.com\/fr\/wp-content\/uploads\/2024\/01\/Acupuncture-1-1024x1536.jpg 1024w, https:\/\/backinmotionplus.com\/fr\/wp-content\/uploads\/2024\/01\/Acupuncture-1-1365x2048.jpg 1365w, https:\/\/backinmotionplus.com\/fr\/wp-content\/uploads\/2024\/01\/Acupuncture-1-scaled.jpg 1707w\" sizes=\"auto, (max-width: 200px) 100vw, 200px\" \/><\/em><\/p>\n<p style=\"text-align: center;\"><strong><span style=\"color: #ff0000;\">\u00a0 \u00a0 \u00a0 \u00a0 \u00a0 \u00a0 \u00a0 \u00a0 \u00a0 \u00a0 \u00a0 \u00a0 \u00a0 \u00a0 \u00a0 \u00a0 \u00a0 \u00a0 \u00a0 \u00a0 \u00a0 \u00a0 \u25ca <\/span><\/strong>Syndrome m\u00e9nopause<\/p>\n<p style=\"text-align: center;\"><strong><span style=\"color: #ff0000;\">\u00a0 \u00a0 \u00a0 \u00a0 \u00a0 \u00a0 \u00a0 \u00a0 \u00a0 \u00a0 \u00a0 \u00a0 \u00a0 \u00a0 \u00a0 \u00a0 \u00a0 \u00a0 \u00a0 \u00a0 \u00a0 \u00a0 \u00a0 \u25ca <\/span><\/strong>Fertilit\u00e9 et grossesse<\/p>\n<p style=\"text-align: center;\"><strong><span style=\"color: #ff0000;\">\u00a0 \u00a0 \u00a0 \u00a0 \u00a0 \u00a0 \u00a0 \u00a0 \u00a0 \u00a0 \u00a0 \u00a0 \u00a0 \u00a0 \u00a0 \u00a0 \u00a0 \u00a0 \u00a0 \u00a0 \u00a0\u25ca <\/span><\/strong>Anxi\u00e9t\u00e9<\/p>\n<\/article>\n<\/div>\n<p>&nbsp;<\/p>\n<p>&nbsp;<\/p>\n<p>&nbsp;<\/p>\n<p>&nbsp;<\/p>\n<p>&nbsp;<\/p>\n<p><\/main><\/section>\n<\/div>\n","protected":false},"excerpt":{"rendered":"<p>Une session d\u2019acuponcture consiste \u00e0 influencer et \u00e0 inciter le corps en ins\u00e9rant des aiguilles dans les points de pression assign\u00e9s, aussi appel\u00e9s, points d\u2019acuponcture. L\u2019acuponcture est un d\u00e9riv\u00e9 de la m\u00e9decine chinoise qui met l\u2019accent sur l\u2019\u00e9quilibre du flux d\u2019\u00e9nergie, connu sous qi (chee). L\u2019acuponcture est efficace pour une vari\u00e9t\u00e9 de conditions tels que:<span class=\"post-excerpt-end\">&hellip;<\/span><\/p>\n<p class=\"more-link\"><a href=\"https:\/\/backinmotionplus.com\/fr\/acuponcture\/\" class=\"themebutton\">Read More<\/a><\/p>\n","protected":false},"author":1,"featured_media":0,"parent":0,"menu_order":0,"comment_status":"closed","ping_status":"closed","template":"","meta":{"footnotes":""},"class_list":["post-589","page","type-page","status-publish","hentry"],"_links":{"self":[{"href":"https:\/\/backinmotionplus.com\/fr\/wp-json\/wp\/v2\/pages\/589","targetHints":{"allow":["GET"]}}],"collection":[{"href":"https:\/\/backinmotionplus.com\/fr\/wp-json\/wp\/v2\/pages"}],"about":[{"href":"https:\/\/backinmotionplus.com\/fr\/wp-json\/wp\/v2\/types\/page"}],"author":[{"embeddable":true,"href":"https:\/\/backinmotionplus.com\/fr\/wp-json\/wp\/v2\/users\/1"}],"replies":[{"embeddable":true,"href":"https:\/\/backinmotionplus.com\/fr\/wp-json\/wp\/v2\/comments?post=589"}],"version-history":[{"count":8,"href":"https:\/\/backinmotionplus.com\/fr\/wp-json\/wp\/v2\/pages\/589\/revisions"}],"predecessor-version":[{"id":599,"href":"https:\/\/backinmotionplus.com\/fr\/wp-json\/wp\/v2\/pages\/589\/revisions\/599"}],"wp:attachment":[{"href":"https:\/\/backinmotionplus.com\/fr\/wp-json\/wp\/v2\/media?parent=589"}],"curies":[{"name":"wp","href":"https:\/\/api.w.org\/{rel}","templated":true}]}}